{"id":43,"date":"2026-04-15T00:38:59","date_gmt":"2026-04-15T05:38:59","guid":{"rendered":"https:\/\/tecnishopbga.com\/?post_type=product&#038;p=43"},"modified":"2026-04-17T20:08:46","modified_gmt":"2026-04-18T01:08:46","slug":"youtube-premium","status":"publish","type":"product","link":"https:\/\/tecnishopbga.com\/index.php\/producto\/youtube-premium\/","title":{"rendered":"Youtube Premium"},"content":{"rendered":"<p>YouTube Premium es un servicio donde puedes disfrutar millones de videos, m\u00fasica, podcasts, documentales, pel\u00edculas y contenido exclusivo, todo sin anuncios y con acceso a funciones como descargas y reproducci\u00f3n en segundo plano.<\/p>\n","protected":false},"excerpt":{"rendered":"<p>YouTube Premium es un servicio donde puedes disfrutar millones de videos, m\u00fasica, podcasts, documentales, pel\u00edculas y contenido exclusivo, todo sin anuncios y con acceso a funciones como descargas y reproducci\u00f3n en segundo plano.<\/p>\n","protected":false},"featured_media":98,"comment_status":"open","ping_status":"closed","template":"","meta":[],"product_brand":[],"product_cat":[15],"product_tag":[],"class_list":{"0":"post-43","1":"product","2":"type-product","3":"status-publish","4":"has-post-thumbnail","6":"product_cat-sin-categorizar","8":"first","9":"instock","10":"sale","11":"shipping-taxable","12":"purchasable","13":"product-type-simple"},"_links":{"self":[{"href":"https:\/\/tecnishopbga.com\/index.php\/wp-json\/wp\/v2\/product\/43","targetHints":{"allow":["GET"]}}],"collection":[{"href":"https:\/\/tecnishopbga.com\/index.php\/wp-json\/wp\/v2\/product"}],"about":[{"href":"https:\/\/tecnishopbga.com\/index.php\/wp-json\/wp\/v2\/types\/product"}],"replies":[{"embeddable":true,"href":"https:\/\/tecnishopbga.com\/index.php\/wp-json\/wp\/v2\/comments?post=43"}],"wp:featuredmedia":[{"embeddable":true,"href":"https:\/\/tecnishopbga.com\/index.php\/wp-json\/wp\/v2\/media\/98"}],"wp:attachment":[{"href":"https:\/\/tecnishopbga.com\/index.php\/wp-json\/wp\/v2\/media?parent=43"}],"wp:term":[{"taxonomy":"product_brand","embeddable":true,"href":"https:\/\/tecnishopbga.com\/index.php\/wp-json\/wp\/v2\/product_brand?post=43"},{"taxonomy":"product_cat","embeddable":true,"href":"https:\/\/tecnishopbga.com\/index.php\/wp-json\/wp\/v2\/product_cat?post=43"},{"taxonomy":"product_tag","embeddable":true,"href":"https:\/\/tecnishopbga.com\/index.php\/wp-json\/wp\/v2\/product_tag?post=43"}],"curies":[{"name":"wp","href":"https:\/\/api.w.org\/{rel}","templated":true}]}}