{"id":41,"date":"2026-04-15T00:37:37","date_gmt":"2026-04-15T05:37:37","guid":{"rendered":"https:\/\/tecnishopbga.com\/?post_type=product&#038;p=41"},"modified":"2026-04-17T20:00:34","modified_gmt":"2026-04-18T01:00:34","slug":"paramount","status":"publish","type":"product","link":"https:\/\/tecnishopbga.com\/index.php\/producto\/paramount\/","title":{"rendered":"Paramount"},"content":{"rendered":"<blockquote><p>Paramount+ es un servicio de streaming donde puedes ver pel\u00edculas, series, originales exclusivos, contenido infantil y algunos eventos deportivos en vivo, adem\u00e1s de programaci\u00f3n de marcas como CBS, Nickelodeon, MTV, Comedy Central y Paramount.<\/p><\/blockquote>\n","protected":false},"excerpt":{"rendered":"<p>Servicio por <strong>30 d\u00edas.<\/strong><\/p>\n","protected":false},"featured_media":99,"comment_status":"open","ping_status":"closed","template":"","meta":[],"product_brand":[],"product_cat":[15],"product_tag":[],"class_list":{"0":"post-41","1":"product","2":"type-product","3":"status-publish","4":"has-post-thumbnail","6":"product_cat-sin-categorizar","8":"first","9":"instock","10":"sale","11":"shipping-taxable","12":"purchasable","13":"product-type-simple"},"_links":{"self":[{"href":"https:\/\/tecnishopbga.com\/index.php\/wp-json\/wp\/v2\/product\/41","targetHints":{"allow":["GET"]}}],"collection":[{"href":"https:\/\/tecnishopbga.com\/index.php\/wp-json\/wp\/v2\/product"}],"about":[{"href":"https:\/\/tecnishopbga.com\/index.php\/wp-json\/wp\/v2\/types\/product"}],"replies":[{"embeddable":true,"href":"https:\/\/tecnishopbga.com\/index.php\/wp-json\/wp\/v2\/comments?post=41"}],"wp:featuredmedia":[{"embeddable":true,"href":"https:\/\/tecnishopbga.com\/index.php\/wp-json\/wp\/v2\/media\/99"}],"wp:attachment":[{"href":"https:\/\/tecnishopbga.com\/index.php\/wp-json\/wp\/v2\/media?parent=41"}],"wp:term":[{"taxonomy":"product_brand","embeddable":true,"href":"https:\/\/tecnishopbga.com\/index.php\/wp-json\/wp\/v2\/product_brand?post=41"},{"taxonomy":"product_cat","embeddable":true,"href":"https:\/\/tecnishopbga.com\/index.php\/wp-json\/wp\/v2\/product_cat?post=41"},{"taxonomy":"product_tag","embeddable":true,"href":"https:\/\/tecnishopbga.com\/index.php\/wp-json\/wp\/v2\/product_tag?post=41"}],"curies":[{"name":"wp","href":"https:\/\/api.w.org\/{rel}","templated":true}]}}